{"id":7,"date":"2016-11-23T23:11:56","date_gmt":"2016-11-23T22:11:56","guid":{"rendered":"http:\/\/www.ballikombetar.org\/?page_id=7"},"modified":"2016-11-23T23:11:56","modified_gmt":"2016-11-23T22:11:56","slug":"dekalogu","status":"publish","type":"page","link":"http:\/\/www.ballikombetar.org\/index.php\/dekalogu\/","title":{"rendered":"Dekalogu"},"content":{"rendered":"<p><span class=\"Apple-style-span\">1. Luftojm\u00eb p\u00ebr Flamurin Kuq e zi, p\u00ebr mbrojtjen e t\u00eb drejtave t\u00eb popullit shqiptar.<\/span><\/p>\n<p><span class=\"Apple-style-span\">2. Luftojm\u00eb p\u00ebr nj\u00eb Shqip\u00ebri t\u00eb Lir\u00eb, Etnike, demokratike, me baz\u00eb shoq\u00ebrore moderne.<\/span><\/p>\n<p><span class=\"Apple-style-span\">3. Luftojm\u00eb p\u00ebr nj\u00eb Shqip\u00ebri ku do t\u00eb mbret\u00ebroj\u00eb liria e fjal\u00ebs dhe e mendimit.<\/span><\/p>\n<p><span class=\"Apple-style-span\">4. Luftojm\u00eb p\u00ebr nj\u00eb Shqip\u00ebri t\u00eb rregullueme ekonomikisht dhe shoq\u00ebrisht, n\u00eb m\u00ebnyr\u00eb q\u00eb t\u00eb mos ket\u00eb shfryt\u00ebzues dhe t\u00eb shfryt\u00ebzuem, d.m.th t\u00eb mos ket\u00eb njer\u00ebz q\u00eb jetojn\u00eb n\u00eb kurriz t\u00eb t\u00eb tjer\u00ebve; mos t\u00eb ket\u00eb bujq pa tok\u00eb t\u00eb vet\u00ebn t\u00eb mjaftueshme, puntor\u00eb krahu dhe mendjeje pa banes\u00eb dhe jet\u00eb t\u00eb sigurueme, pra nj\u00eb Shqip\u00ebri t\u00eb rregullueme me nj\u00eb sistem ekonomik rr\u00ebnj\u00ebsisht t\u00eb reformuem simbas shpirtit dhe nevojave t\u00eb popullit shqiptar.<\/span><\/p>\n<p><span class=\"Apple-style-span\">5. Luftojm\u00eb p\u00ebr nj\u00eb Shqip\u00ebri ku do t\u00eb zbulohen, do t\u00eb p\u00ebrkrahen dhe do t\u00eb rriten vlerat e fshehura n\u00eb \u00e7do shtres\u00eb t\u00eb popullit, me an\u00eb t\u00eb shkoll\u00ebs shqiptare.<\/span><\/p>\n<p><span class=\"Apple-style-span\">6. Luftojm\u00eb p\u00ebr nj\u00eb Shqip\u00ebri ku do t\u00eb \u00e7mohen drejt\u00ebsisht t\u00eb gjitha vlerat, pa dallim moshe, krahine, besimi apo klase.<\/span><\/p>\n<p><span class=\"Apple-style-span\">7. Luftojm\u00eb p\u00ebr t\u00eb formue nj\u00eb Shqip\u00ebri t\u00eb drejtueme nga njer\u00ebz t\u00eb pa kompromentuem, nga shqiptar\u00eb q\u00eb nuk jan\u00eb kursyer n\u00eb \u00e7do koh\u00eb e n\u00eb \u00e7do rrethan\u00eb p\u00ebr shp\u00ebtimin dhe t\u00eb mir\u00ebn e k\u00ebtij vendi, prej burrash puntor\u00eb, t\u00eb aft\u00eb e t\u00eb ndersh\u00ebm.<\/span><\/p>\n<p><span class=\"Apple-style-span\">8. Luftojm\u00eb p\u00ebr nj\u00eb Shqip\u00ebri q\u00eb t\u00eb d\u00ebnoj\u00eb pa m\u00ebshir\u00eb dhe n\u00eb m\u00ebnyr\u00eb shembullore antipatriot\u00ebt, tradh\u00ebtar\u00ebt, t\u00eb shiturit, ngat\u00ebrrestar\u00ebt, spekulluesit, spiun\u00ebt; p\u00ebr nj\u00eb Shqip\u00ebri ku nuk do t\u00eb ken\u00eb vend dallkauk\u00ebt, servil\u00ebt dhe t\u00eb gjith\u00eb ata q\u00eb pengojn\u00eb zhvillimin dhe p\u00ebrparimin e Shqip\u00ebris\u00eb s\u00eb Rilindur.<\/span><\/p>\n<p><span class=\"Apple-style-span\">9. Luftojm\u00eb p\u00ebr t\u00eb harmonizue dhe bashkue energjit\u00eb e Kombit, p\u00ebr t\u00eb gatue bashkimin mendor dhe shpirt\u00ebror t\u00eb t\u00eb gjith\u00eb shqiptar\u00ebve.<\/span><\/p>\n<p><span class=\"Apple-style-span\">10. Luftojm\u00eb p\u00ebr mobilizimin e t\u00eb gjitha fuqive t\u00eb gjalla t\u00eb Kombit, kundra pushtuesit, p\u00ebr realizimin e idealit t\u00eb lart\u00eb komb\u00ebtar:<\/span><\/p>\n<p><span class=\"Apple-style-span\">Shqip\u00ebria Shqiptar\u00ebvet!<\/span><\/p>\n","protected":false},"excerpt":{"rendered":"<p>1. Luftojm\u00eb p\u00ebr Flamurin Kuq e zi, p\u00ebr mbrojtjen e t\u00eb drejtave t\u00eb popullit shqiptar. 2. Luftojm\u00eb [&hellip;]<\/p>\n","protected":false},"author":1,"featured_media":0,"parent":0,"menu_order":0,"comment_status":"closed","ping_status":"closed","template":"","meta":[],"_links":{"self":[{"href":"http:\/\/www.ballikombetar.org\/index.php\/wp-json\/wp\/v2\/pages\/7"}],"collection":[{"href":"http:\/\/www.ballikombetar.org\/index.php\/wp-json\/wp\/v2\/pages"}],"about":[{"href":"http:\/\/www.ballikombetar.org\/index.php\/wp-json\/wp\/v2\/types\/page"}],"author":[{"embeddable":true,"href":"http:\/\/www.ballikombetar.org\/index.php\/wp-json\/wp\/v2\/users\/1"}],"replies":[{"embeddable":true,"href":"http:\/\/www.ballikombetar.org\/index.php\/wp-json\/wp\/v2\/comments?post=7"}],"version-history":[{"count":1,"href":"http:\/\/www.ballikombetar.org\/index.php\/wp-json\/wp\/v2\/pages\/7\/revisions"}],"predecessor-version":[{"id":8,"href":"http:\/\/www.ballikombetar.org\/index.php\/wp-json\/wp\/v2\/pages\/7\/revisions\/8"}],"wp:attachment":[{"href":"http:\/\/www.ballikombetar.org\/index.php\/wp-json\/wp\/v2\/media?parent=7"}],"curies":[{"name":"wp","href":"https:\/\/api.w.org\/{rel}","templated":true}]}}